{"id":60,"date":"2020-09-22T18:21:23","date_gmt":"2020-09-22T18:21:23","guid":{"rendered":"http:\/\/bergzeit-hahnenklee.de\/?page_id=60"},"modified":"2020-09-29T21:34:48","modified_gmt":"2020-09-29T19:34:48","slug":"unsere-wohnung","status":"publish","type":"page","link":"https:\/\/bergzeit-hahnenklee.de\/?page_id=60","title":{"rendered":"Unsere Wohnung"},"content":{"rendered":"\n<p>Unsere kleine, gem\u00fctliche Ferien\u00adwohnung \u201eBergzeit\u201c befindet sich in Hahnenklee, Langeliethstra\u00dfe 5a. Sie liegt im 1. Obergeschoss eines Hauses mit sechs Wohnungen und verf\u00fcgt \u00fcber 2,5 Zimmer verteilt auf etwa 60 m\u00b2. Vom Flur aus gelangt man in das Wohnzimmer, das Badezimmer, die K\u00fcche sowie in ein kleines Zimmer, das mit einem gro\u00dfen Schlafsofa ausgestattet ist. Das Schlafzimmer und der Balkon sind vom Wohnzimmer aus zu erreichen. Die Wohnung ist nach S\u00fcdosten ausgerichtet, so dass man bereits morgens ein sonniges Fr\u00fchst\u00fcck auf dem Balkon und den Ausblick auf den Bocksberg genie\u00dfen kann, um Kraft f\u00fcr neue Abenteuer zu sch\u00f6pfen. Zur Ferienwohnung geh\u00f6rt weiterhin ein Kellerraum, der ebenerdig \u00fcber den Neben\u00adeingang erreichbar ist. Dort gibt es sogar die M\u00f6glichkeit Fahrr\u00e4der abzustellen oder den E-Bikes Zeit zu geben, neue Energie zu sammeln.<\/p>\n\n\n\n<div class=\"alignnormal\"><div id=\"metaslider-id-124\" style=\"width: 100%; margin: 0 auto;\" class=\"ml-slider-3-108-0 metaslider metaslider-flex metaslider-124 ml-slider has-dots-nav ms-theme-default\" role=\"region\" aria-label=\"Wohnung\" data-height=\"800\" data-width=\"1200\">\n    <div id=\"metaslider_container_124\">\n        <div id=\"metaslider_124\">\n            <ul class='slides'>\n                <li style=\"display: block; width: 100%;\" class=\"slide-287 ms-image \" aria-roledescription=\"slide\" data-date=\"2020-09-26 11:24:23\" data-filename=\"2020-09-16-13-31-42-0266-1200x800.jpg\" data-slide-type=\"image\"><img loading=\"lazy\" decoding=\"async\" src=\"https:\/\/bergzeit-hahnenklee.de\/wp-content\/uploads\/2020\/09\/2020-09-16-13-31-42-0266-1200x800.jpg\" height=\"800\" width=\"1200\" alt=\"\" class=\"slider-124 slide-287 msDefaultImage\" title=\"Wohnzimmer\" \/><div class=\"caption-wrap\"><div class=\"caption\">Wohnzimmer<\/div><\/div><\/li>\n                <li style=\"display: none; width: 100%;\" class=\"slide-295 ms-image \" aria-roledescription=\"slide\" data-date=\"2020-09-26 12:02:43\" data-filename=\"IMG_20200911_181723-1200x800.jpg\" data-slide-type=\"image\"><img loading=\"lazy\" decoding=\"async\" src=\"https:\/\/bergzeit-hahnenklee.de\/wp-content\/uploads\/2020\/09\/IMG_20200911_181723-1200x800.jpg\" height=\"800\" width=\"1200\" alt=\"\" class=\"slider-124 slide-295 msDefaultImage\" title=\"Esstisch\" \/><div class=\"caption-wrap\"><div class=\"caption\">Esstisch<\/div><\/div><\/li>\n                <li style=\"display: none; width: 100%;\" class=\"slide-309 ms-image \" aria-roledescription=\"slide\" data-date=\"2020-09-26 12:02:52\" data-filename=\"IMG_20200912_183401-1200x800.jpg\" data-slide-type=\"image\"><img loading=\"lazy\" decoding=\"async\" src=\"https:\/\/bergzeit-hahnenklee.de\/wp-content\/uploads\/2020\/09\/IMG_20200912_183401-1200x800.jpg\" height=\"800\" width=\"1200\" alt=\"\" class=\"slider-124 slide-309 msDefaultImage\" title=\"Wohnzimmer\" \/><div class=\"caption-wrap\"><div class=\"caption\">Wohnzimmer<\/div><\/div><\/li>\n                <li style=\"display: none; width: 100%;\" class=\"slide-296 ms-image \" aria-roledescription=\"slide\" data-date=\"2020-09-26 12:02:44\" data-filename=\"IMG_20200911_175523-1200x800.jpg\" data-slide-type=\"image\"><img loading=\"lazy\" decoding=\"async\" src=\"https:\/\/bergzeit-hahnenklee.de\/wp-content\/uploads\/2020\/09\/IMG_20200911_175523-1200x800.jpg\" height=\"800\" width=\"1200\" alt=\"\" class=\"slider-124 slide-296 msDefaultImage\" title=\"Schlafzimmer\" \/><div class=\"caption-wrap\"><div class=\"caption\">Schlafzimmer<\/div><\/div><\/li>\n                <li style=\"display: none; width: 100%;\" class=\"slide-297 ms-image \" aria-roledescription=\"slide\" data-date=\"2020-09-26 12:02:44\" data-filename=\"IMG_20200912_1421421-1200x800.jpg\" data-slide-type=\"image\"><img loading=\"lazy\" decoding=\"async\" src=\"https:\/\/bergzeit-hahnenklee.de\/wp-content\/uploads\/2020\/09\/IMG_20200912_1421421-1200x800.jpg\" height=\"800\" width=\"1200\" alt=\"\" class=\"slider-124 slide-297 msDefaultImage\" title=\"Bild\" \/><div class=\"caption-wrap\"><div class=\"caption\">Bild<\/div><\/div><\/li>\n                <li style=\"display: none; width: 100%;\" class=\"slide-299 ms-image \" aria-roledescription=\"slide\" data-date=\"2020-09-26 12:02:46\" data-filename=\"IMG_20200913_1322591-1200x800.jpg\" data-slide-type=\"image\"><img loading=\"lazy\" decoding=\"async\" src=\"https:\/\/bergzeit-hahnenklee.de\/wp-content\/uploads\/2020\/09\/IMG_20200913_1322591-1200x800.jpg\" height=\"800\" width=\"1200\" alt=\"\" class=\"slider-124 slide-299 msDefaultImage\" title=\"K\u00fcche\" \/><div class=\"caption-wrap\"><div class=\"caption\">K\u00fcche<\/div><\/div><\/li>\n                <li style=\"display: none; width: 100%;\" class=\"slide-489 ms-image \" aria-roledescription=\"slide\" data-date=\"2021-01-26 19:00:55\" data-filename=\"2021-01-26-18-47-27-1242-1200x800.jpg\" data-slide-type=\"image\"><img loading=\"lazy\" decoding=\"async\" src=\"https:\/\/bergzeit-hahnenklee.de\/wp-content\/uploads\/2021\/01\/2021-01-26-18-47-27-1242-1200x800.jpg\" height=\"800\" width=\"1200\" alt=\"\" class=\"slider-124 slide-489 msDefaultImage\" \/><div class=\"caption-wrap\"><div class=\"caption\">K\u00fcche<\/div><\/div><\/li>\n                <li style=\"display: none; width: 100%;\" class=\"slide-300 ms-image \" aria-roledescription=\"slide\" data-date=\"2020-09-26 12:02:46\" data-filename=\"IMG_20200912_1411201-1200x800.jpg\" data-slide-type=\"image\"><img loading=\"lazy\" decoding=\"async\" src=\"https:\/\/bergzeit-hahnenklee.de\/wp-content\/uploads\/2020\/09\/IMG_20200912_1411201-1200x800.jpg\" height=\"800\" width=\"1200\" alt=\"\" class=\"slider-124 slide-300 msDefaultImage\" title=\"K\u00fcche\" \/><div class=\"caption-wrap\"><div class=\"caption\">K\u00fcche<\/div><\/div><\/li>\n                <li style=\"display: none; width: 100%;\" class=\"slide-305 ms-image \" aria-roledescription=\"slide\" data-date=\"2020-09-26 12:02:50\" data-filename=\"2020-09-11-16-50-55-0016-1200x800.jpg\" data-slide-type=\"image\"><img loading=\"lazy\" decoding=\"async\" src=\"https:\/\/bergzeit-hahnenklee.de\/wp-content\/uploads\/2020\/09\/2020-09-11-16-50-55-0016-1200x800.jpg\" height=\"800\" width=\"1200\" alt=\"\" class=\"slider-124 slide-305 msDefaultImage\" title=\"Kinderzimmer\" \/><div class=\"caption-wrap\"><div class=\"caption\">Kinderzimmer<\/div><\/div><\/li>\n                <li style=\"display: none; width: 100%;\" class=\"slide-301 ms-image \" aria-roledescription=\"slide\" data-date=\"2020-09-26 12:02:47\" data-filename=\"IMG_20200913_133253-1200x800.jpg\" data-slide-type=\"image\"><img loading=\"lazy\" decoding=\"async\" src=\"https:\/\/bergzeit-hahnenklee.de\/wp-content\/uploads\/2020\/09\/IMG_20200913_133253-1200x800.jpg\" height=\"800\" width=\"1200\" alt=\"\" class=\"slider-124 slide-301 msDefaultImage\" title=\"Bad\" \/><div class=\"caption-wrap\"><div class=\"caption\">Bad<\/div><\/div><\/li>\n                <li style=\"display: none; width: 100%;\" class=\"slide-302 ms-image \" aria-roledescription=\"slide\" data-date=\"2020-09-26 12:02:47\" data-filename=\"IMG_20200913_145328-1200x800.jpg\" data-slide-type=\"image\"><img loading=\"lazy\" decoding=\"async\" src=\"https:\/\/bergzeit-hahnenklee.de\/wp-content\/uploads\/2020\/09\/IMG_20200913_145328-1200x800.jpg\" height=\"800\" width=\"1200\" alt=\"\" class=\"slider-124 slide-302 msDefaultImage\" title=\"Balkon\" \/><div class=\"caption-wrap\"><div class=\"caption\">Balkon<\/div><\/div><\/li>\n                <li style=\"display: none; width: 100%;\" class=\"slide-303 ms-image \" aria-roledescription=\"slide\" data-date=\"2020-09-26 12:02:48\" data-filename=\"IMG_20200912_150914-1200x800.jpg\" data-slide-type=\"image\"><img loading=\"lazy\" decoding=\"async\" src=\"https:\/\/bergzeit-hahnenklee.de\/wp-content\/uploads\/2020\/09\/IMG_20200912_150914-1200x800.jpg\" height=\"800\" width=\"1200\" alt=\"\" class=\"slider-124 slide-303 msDefaultImage\" title=\"IBalkon\" \/><div class=\"caption-wrap\"><div class=\"caption\">Balkon<\/div><\/div><\/li>\n                <li style=\"display: none; width: 100%;\" class=\"slide-304 ms-image \" aria-roledescription=\"slide\" data-date=\"2020-09-26 12:02:49\" data-filename=\"IMG_20200912_153612-1200x800.jpg\" data-slide-type=\"image\"><img loading=\"lazy\" decoding=\"async\" src=\"https:\/\/bergzeit-hahnenklee.de\/wp-content\/uploads\/2020\/09\/IMG_20200912_153612-1200x800.jpg\" height=\"800\" width=\"1200\" alt=\"\" class=\"slider-124 slide-304 msDefaultImage\" title=\"Blick vom Balkon\" \/><div class=\"caption-wrap\"><div class=\"caption\">Blick vom Balkon<\/div><\/div><\/li>\n                <li style=\"display: none; width: 100%;\" class=\"slide-306 ms-image \" aria-roledescription=\"slide\" data-date=\"2020-09-26 12:02:50\" data-filename=\"2020-09-16-07-05-02-0064-1200x800.jpg\" data-slide-type=\"image\"><img loading=\"lazy\" decoding=\"async\" src=\"https:\/\/bergzeit-hahnenklee.de\/wp-content\/uploads\/2020\/09\/2020-09-16-07-05-02-0064-1200x800.jpg\" height=\"800\" width=\"1200\" alt=\"\" class=\"slider-124 slide-306 msDefaultImage\" title=\"Hauseingang\" \/><div class=\"caption-wrap\"><div class=\"caption\">Hauseingang<\/div><\/div><\/li>\n                <li style=\"display: none; width: 100%;\" class=\"slide-307 ms-image \" aria-roledescription=\"slide\" data-date=\"2020-09-26 12:02:51\" data-filename=\"2020-09-16-13-10-04-0228-1200x800.jpg\" data-slide-type=\"image\"><img loading=\"lazy\" decoding=\"async\" src=\"https:\/\/bergzeit-hahnenklee.de\/wp-content\/uploads\/2020\/09\/2020-09-16-13-10-04-0228-1200x800.jpg\" height=\"800\" width=\"1200\" alt=\"\" class=\"slider-124 slide-307 msDefaultImage\" title=\"Balkon\" \/><div class=\"caption-wrap\"><div class=\"caption\">Balkon<\/div><\/div><\/li>\n                <li style=\"display: none; width: 100%;\" class=\"slide-308 ms-image \" aria-roledescription=\"slide\" data-date=\"2020-09-26 12:02:52\" data-filename=\"2020-08-29-15-34-38-0045-1200x800.jpg\" data-slide-type=\"image\"><img loading=\"lazy\" decoding=\"async\" src=\"https:\/\/bergzeit-hahnenklee.de\/wp-content\/uploads\/2020\/09\/2020-08-29-15-34-38-0045-1200x800.jpg\" height=\"800\" width=\"1200\" alt=\"\" class=\"slider-124 slide-308 msDefaultImage\" title=\"Hausansicht\" \/><div class=\"caption-wrap\"><div class=\"caption\">Hausansicht<\/div><\/div><\/li>\n            <\/ul>\n        <\/div>\n        \n    <\/div>\n<\/div><\/div>\n\n\n\n<p>Die vollst\u00e4ndige Adresse der Wohnung lautet:<br>Langeliethstr. 5a<br>38644 Goslar-Hahnenklee <\/p>\n\n\n<div id=\"wpgmza_map\" class=\"wpgmza_map\" data-settings='{\"id\":\"1\",\"map_title\":\"Anfahrt\",\"map_width\":\"100\",\"map_height\":\"400\",\"map_start_lat\":\"51.863319\",\"map_start_lng\":\"10.341449\",\"map_start_location\":\"51.863319,10.341449\",\"map_start_zoom\":\"15\",\"default_marker\":\"0\",\"type\":\"1\",\"alignment\":\"4\",\"directions_enabled\":\"1\",\"styling_enabled\":\"0\",\"styling_json\":\"\",\"active\":\"0\",\"kml\":\"\",\"bicycle\":\"0\",\"traffic\":\"0\",\"dbox\":\"1\",\"dbox_width\":\"100\",\"listmarkers\":\"0\",\"listmarkers_advanced\":\"0\",\"filterbycat\":\"0\",\"ugm_enabled\":\"0\",\"ugm_category_enabled\":\"0\",\"fusion\":\"\",\"map_width_type\":\"\\\\%\",\"map_height_type\":\"px\",\"mass_marker_support\":\"1\",\"ugm_access\":\"0\",\"order_markers_by\":\"1\",\"order_markers_choice\":\"2\",\"show_user_location\":\"0\",\"default_to\":\"\",\"other_settings\":{\"store_locator_enabled\":2,\"store_locator_distance\":2,\"store_locator_default_radius\":10,\"store_locator_not_found_message\":\"No results found in this location. Please try again.\",\"store_locator_bounce\":1,\"store_locator_query_string\":\"ZIP \\\/ Address:\",\"store_locator_default_address\":\"\",\"wpgmza_store_locator_restrict\":\"\",\"wpgmza_store_locator_radius_style\":\"modern\",\"map_max_zoom\":\"1\",\"transport_layer\":0,\"wpgmza_theme_data\":\"\",\"wpgmza_show_points_of_interest\":0,\"wpgmza_auto_night\":0}}' data-map-id='1' Data-maps-engine='open-layers' data-shortcode-attributes='{\"id\":\"1\"}' style=\"display:block; overflow:auto; width:100%; height:400px; float:left;\"><\/div>","protected":false},"excerpt":{"rendered":"<p>Unsere kleine, gem\u00fctliche Ferien\u00adwohnung \u201eBergzeit\u201c befindet sich in Hahnenklee, Langeliethstra\u00dfe 5a. Sie liegt im 1. Obergeschoss eines Hauses mit sechs&hellip;<\/p>\n","protected":false},"author":1,"featured_media":0,"parent":0,"menu_order":0,"comment_status":"closed","ping_status":"closed","template":"","meta":{"footnotes":""},"class_list":["post-60","page","type-page","status-publish","hentry"],"_links":{"self":[{"href":"https:\/\/bergzeit-hahnenklee.de\/index.php?rest_route=\/wp\/v2\/pages\/60","targetHints":{"allow":["GET"]}}],"collection":[{"href":"https:\/\/bergzeit-hahnenklee.de\/index.php?rest_route=\/wp\/v2\/pages"}],"about":[{"href":"https:\/\/bergzeit-hahnenklee.de\/index.php?rest_route=\/wp\/v2\/types\/page"}],"author":[{"embeddable":true,"href":"https:\/\/bergzeit-hahnenklee.de\/index.php?rest_route=\/wp\/v2\/users\/1"}],"replies":[{"embeddable":true,"href":"https:\/\/bergzeit-hahnenklee.de\/index.php?rest_route=%2Fwp%2Fv2%2Fcomments&post=60"}],"version-history":[{"count":12,"href":"https:\/\/bergzeit-hahnenklee.de\/index.php?rest_route=\/wp\/v2\/pages\/60\/revisions"}],"predecessor-version":[{"id":386,"href":"https:\/\/bergzeit-hahnenklee.de\/index.php?rest_route=\/wp\/v2\/pages\/60\/revisions\/386"}],"wp:attachment":[{"href":"https:\/\/bergzeit-hahnenklee.de\/index.php?rest_route=%2Fwp%2Fv2%2Fmedia&parent=60"}],"curies":[{"name":"wp","href":"https:\/\/api.w.org\/{rel}","templated":true}]}}