{"id":439,"date":"2020-12-29T17:54:59","date_gmt":"2020-12-29T16:54:59","guid":{"rendered":"https:\/\/bergzeit-hahnenklee.de\/?page_id=439"},"modified":"2020-12-29T18:22:30","modified_gmt":"2020-12-29T17:22:30","slug":"winter-im-harz","status":"publish","type":"page","link":"https:\/\/bergzeit-hahnenklee.de\/?page_id=439","title":{"rendered":"Winter im Harz"},"content":{"rendered":"\n<p>Schnee&#8230; Ja, es gibt ihn tats\u00e4chlich noch. Ein Winter im Harz mit schneebedeckten B\u00e4umen ist traumhaft. Eine sanfte, friedliche Ruhe legt sich auf die B\u00e4ume.<\/p>\n\n\n\n<div class=\"alignnormal\"><div id=\"metaslider-id-443\" style=\"width: 100%;\" class=\"ml-slider-3-108-0 metaslider metaslider-flex metaslider-443 ml-slider has-dots-nav ms-theme-default\" role=\"region\" aria-label=\"Winter\" data-height=\"800\" data-width=\"1200\">\n    <div id=\"metaslider_container_443\">\n        <div id=\"metaslider_443\">\n            <ul class='slides'>\n                <li style=\"display: block; width: 100%;\" class=\"slide-456 ms-image \" aria-roledescription=\"slide\" data-date=\"2020-12-29 18:20:50\" data-filename=\"2020-12-27-11-50-47-0136-1200x800.jpg\" data-slide-type=\"image\"><img loading=\"lazy\" decoding=\"async\" src=\"https:\/\/bergzeit-hahnenklee.de\/wp-content\/uploads\/2020\/12\/2020-12-27-11-50-47-0136-1200x800.jpg\" height=\"800\" width=\"1200\" alt=\"\" class=\"slider-443 slide-456 msDefaultImage\" title=\"Tannen auf dem Bocksberg\" \/><div class=\"caption-wrap\"><div class=\"caption\">Tannen auf dem Bocksberg<\/div><\/div><\/li>\n                <li style=\"display: none; width: 100%;\" class=\"slide-452 ms-image \" aria-roledescription=\"slide\" data-date=\"2020-12-29 18:20:48\" data-filename=\"2020-12-27-11-28-06-0052-1200x800.jpg\" data-slide-type=\"image\"><img loading=\"lazy\" decoding=\"async\" src=\"https:\/\/bergzeit-hahnenklee.de\/wp-content\/uploads\/2020\/12\/2020-12-27-11-28-06-0052-1200x800.jpg\" height=\"800\" width=\"1200\" alt=\"\" class=\"slider-443 slide-452 msDefaultImage\" title=\"Bocksberg Sessellift\" \/><div class=\"caption-wrap\"><div class=\"caption\">Bocksberg Sessellift<\/div><\/div><\/li>\n                <li style=\"display: none; width: 100%;\" class=\"slide-455 ms-image \" aria-roledescription=\"slide\" data-date=\"2020-12-29 18:20:50\" data-filename=\"2020-12-27-11-49-10-0130-1200x800.jpg\" data-slide-type=\"image\"><img loading=\"lazy\" decoding=\"async\" src=\"https:\/\/bergzeit-hahnenklee.de\/wp-content\/uploads\/2020\/12\/2020-12-27-11-49-10-0130-1200x800.jpg\" height=\"800\" width=\"1200\" alt=\"\" class=\"slider-443 slide-455 msDefaultImage\" title=\"Abfahrten\" \/><div class=\"caption-wrap\"><div class=\"caption\">Abfahrten<\/div><\/div><\/li>\n                <li style=\"display: none; width: 100%;\" class=\"slide-453 ms-image \" aria-roledescription=\"slide\" data-date=\"2020-12-29 18:20:49\" data-filename=\"2020-12-27-11-35-03-0076-1200x800.jpg\" data-slide-type=\"image\"><img loading=\"lazy\" decoding=\"async\" src=\"https:\/\/bergzeit-hahnenklee.de\/wp-content\/uploads\/2020\/12\/2020-12-27-11-35-03-0076-1200x800.jpg\" height=\"800\" width=\"1200\" alt=\"\" class=\"slider-443 slide-453 msDefaultImage\" title=\"Schnee\" \/><div class=\"caption-wrap\"><div class=\"caption\">Schnee<\/div><\/div><\/li>\n                <li style=\"display: none; width: 100%;\" class=\"slide-454 ms-image \" aria-roledescription=\"slide\" data-date=\"2020-12-29 18:20:49\" data-filename=\"2020-12-27-11-39-59-0097-1200x800.jpg\" data-slide-type=\"image\"><img loading=\"lazy\" decoding=\"async\" src=\"https:\/\/bergzeit-hahnenklee.de\/wp-content\/uploads\/2020\/12\/2020-12-27-11-39-59-0097-1200x800.jpg\" height=\"800\" width=\"1200\" alt=\"\" class=\"slider-443 slide-454 msDefaultImage\" title=\"kleine Pause\" \/><div class=\"caption-wrap\"><div class=\"caption\">kleine Pause<\/div><\/div><\/li>\n                <li style=\"display: none; width: 100%;\" class=\"slide-457 ms-image \" aria-roledescription=\"slide\" data-date=\"2020-12-29 18:20:50\" data-filename=\"2020-12-27-11-51-21-0137-1200x800.jpg\" data-slide-type=\"image\"><img loading=\"lazy\" decoding=\"async\" src=\"https:\/\/bergzeit-hahnenklee.de\/wp-content\/uploads\/2020\/12\/2020-12-27-11-51-21-0137-1200x800.jpg\" height=\"800\" width=\"1200\" alt=\"\" class=\"slider-443 slide-457 msDefaultImage\" title=\"Waldschule\" \/><div class=\"caption-wrap\"><div class=\"caption\">Waldschule<\/div><\/div><\/li>\n                <li style=\"display: none; width: 100%;\" class=\"slide-451 ms-image \" aria-roledescription=\"slide\" data-date=\"2020-12-29 18:20:48\" data-filename=\"2020-12-26-14-21-38-0001-1200x800.jpg\" data-slide-type=\"image\"><img loading=\"lazy\" decoding=\"async\" src=\"https:\/\/bergzeit-hahnenklee.de\/wp-content\/uploads\/2020\/12\/2020-12-26-14-21-38-0001-1200x800.jpg\" height=\"800\" width=\"1200\" alt=\"\" class=\"slider-443 slide-451 msDefaultImage\" title=\"Schalker Teich\" \/><div class=\"caption-wrap\"><div class=\"caption\">Schalker Teich<\/div><\/div><\/li>\n                <li style=\"display: none; width: 100%;\" class=\"slide-477 ms-image \" aria-roledescription=\"slide\" data-date=\"2021-01-21 18:16:18\" data-filename=\"2021-01-21-18-05-42_1-1200x800.jpg\" data-slide-type=\"image\"><img loading=\"lazy\" decoding=\"async\" src=\"https:\/\/bergzeit-hahnenklee.de\/wp-content\/uploads\/2021\/01\/2021-01-21-18-05-42_1-1200x800.jpg\" height=\"800\" width=\"1200\" alt=\"\" class=\"slider-443 slide-477 msDefaultImage\" \/><div class=\"caption-wrap\"><div class=\"caption\">Waldweg<\/div><\/div><\/li>\n                <li style=\"display: none; width: 100%;\" class=\"slide-478 ms-image \" aria-roledescription=\"slide\" data-date=\"2021-01-21 18:16:18\" data-filename=\"2021-01-21-18-05-43_2-1200x800.jpg\" data-slide-type=\"image\"><img loading=\"lazy\" decoding=\"async\" src=\"https:\/\/bergzeit-hahnenklee.de\/wp-content\/uploads\/2021\/01\/2021-01-21-18-05-43_2-1200x800.jpg\" height=\"800\" width=\"1200\" alt=\"\" class=\"slider-443 slide-478 msDefaultImage\" \/><div class=\"caption-wrap\"><div class=\"caption\">Waldweg<\/div><\/div><\/li>\n                <li style=\"display: none; width: 100%;\" class=\"slide-479 ms-image \" aria-roledescription=\"slide\" data-date=\"2021-01-21 18:16:19\" data-filename=\"2021-01-21-18-05-42_3-1200x800.jpg\" data-slide-type=\"image\"><img loading=\"lazy\" decoding=\"async\" src=\"https:\/\/bergzeit-hahnenklee.de\/wp-content\/uploads\/2021\/01\/2021-01-21-18-05-42_3-1200x800.jpg\" height=\"800\" width=\"1200\" alt=\"\" class=\"slider-443 slide-479 msDefaultImage\" \/><div class=\"caption-wrap\"><div class=\"caption\">Harzer-Yeti<\/div><\/div><\/li>\n                <li style=\"display: none; width: 100%;\" class=\"slide-481 ms-image \" aria-roledescription=\"slide\" data-date=\"2021-01-21 18:16:20\" data-filename=\"2021-01-21-18-05-40_2-1200x800.jpg\" data-slide-type=\"image\"><img loading=\"lazy\" decoding=\"async\" src=\"https:\/\/bergzeit-hahnenklee.de\/wp-content\/uploads\/2021\/01\/2021-01-21-18-05-40_2-1200x800.jpg\" height=\"800\" width=\"1200\" alt=\"\" class=\"slider-443 slide-481 msDefaultImage\" \/><div class=\"caption-wrap\"><div class=\"caption\">Fichten im Schnee<\/div><\/div><\/li>\n                <li style=\"display: none; width: 100%;\" class=\"slide-482 ms-image \" aria-roledescription=\"slide\" data-date=\"2021-01-21 18:16:20\" data-filename=\"2021-01-21-18-05-39-1200x800.jpg\" data-slide-type=\"image\"><img loading=\"lazy\" decoding=\"async\" src=\"https:\/\/bergzeit-hahnenklee.de\/wp-content\/uploads\/2021\/01\/2021-01-21-18-05-39-1200x800.jpg\" height=\"800\" width=\"1200\" alt=\"\" class=\"slider-443 slide-482 msDefaultImage\" \/><div class=\"caption-wrap\"><div class=\"caption\">Hahnenklee<\/div><\/div><\/li>\n                <li style=\"display: none; width: 100%;\" class=\"slide-483 ms-image \" aria-roledescription=\"slide\" data-date=\"2021-01-21 18:16:21\" data-filename=\"2021-01-21-18-05-40_1-1200x800.jpg\" data-slide-type=\"image\"><img loading=\"lazy\" decoding=\"async\" src=\"https:\/\/bergzeit-hahnenklee.de\/wp-content\/uploads\/2021\/01\/2021-01-21-18-05-40_1-1200x800.jpg\" height=\"800\" width=\"1200\" alt=\"\" class=\"slider-443 slide-483 msDefaultImage\" \/><div class=\"caption-wrap\"><div class=\"caption\">Hahnenklee<\/div><\/div><\/li>\n                <li style=\"display: none; width: 100%;\" class=\"slide-484 ms-image \" aria-roledescription=\"slide\" data-date=\"2021-01-21 18:16:21\" data-filename=\"2021-01-21-18-05-41-1200x800.jpg\" data-slide-type=\"image\"><img loading=\"lazy\" decoding=\"async\" src=\"https:\/\/bergzeit-hahnenklee.de\/wp-content\/uploads\/2021\/01\/2021-01-21-18-05-41-1200x800.jpg\" height=\"800\" width=\"1200\" alt=\"\" class=\"slider-443 slide-484 msDefaultImage\" \/><div class=\"caption-wrap\"><div class=\"caption\">im Schnee<\/div><\/div><\/li>\n                <li style=\"display: none; width: 100%;\" class=\"slide-485 ms-image \" aria-roledescription=\"slide\" data-date=\"2021-01-21 18:16:22\" data-filename=\"2021-01-21-18-05-40_3-1200x800.jpg\" data-slide-type=\"image\"><img loading=\"lazy\" decoding=\"async\" src=\"https:\/\/bergzeit-hahnenklee.de\/wp-content\/uploads\/2021\/01\/2021-01-21-18-05-40_3-1200x800.jpg\" height=\"800\" width=\"1200\" alt=\"\" class=\"slider-443 slide-485 msDefaultImage\" \/><div class=\"caption-wrap\"><div class=\"caption\">Eiszapfen<\/div><\/div><\/li>\n            <\/ul>\n        <\/div>\n        \n    <\/div>\n<\/div><\/div>\n","protected":false},"excerpt":{"rendered":"<p>Schnee&#8230; Ja, es gibt ihn tats\u00e4chlich noch. Ein Winter im Harz mit schneebedeckten B\u00e4umen ist traumhaft. Eine sanfte, friedliche Ruhe&hellip;<\/p>\n","protected":false},"author":1,"featured_media":0,"parent":0,"menu_order":0,"comment_status":"closed","ping_status":"closed","template":"","meta":{"footnotes":""},"class_list":["post-439","page","type-page","status-publish","hentry"],"_links":{"self":[{"href":"https:\/\/bergzeit-hahnenklee.de\/index.php?rest_route=\/wp\/v2\/pages\/439","targetHints":{"allow":["GET"]}}],"collection":[{"href":"https:\/\/bergzeit-hahnenklee.de\/index.php?rest_route=\/wp\/v2\/pages"}],"about":[{"href":"https:\/\/bergzeit-hahnenklee.de\/index.php?rest_route=\/wp\/v2\/types\/page"}],"author":[{"embeddable":true,"href":"https:\/\/bergzeit-hahnenklee.de\/index.php?rest_route=\/wp\/v2\/users\/1"}],"replies":[{"embeddable":true,"href":"https:\/\/bergzeit-hahnenklee.de\/index.php?rest_route=%2Fwp%2Fv2%2Fcomments&post=439"}],"version-history":[{"count":2,"href":"https:\/\/bergzeit-hahnenklee.de\/index.php?rest_route=\/wp\/v2\/pages\/439\/revisions"}],"predecessor-version":[{"id":458,"href":"https:\/\/bergzeit-hahnenklee.de\/index.php?rest_route=\/wp\/v2\/pages\/439\/revisions\/458"}],"wp:attachment":[{"href":"https:\/\/bergzeit-hahnenklee.de\/index.php?rest_route=%2Fwp%2Fv2%2Fmedia&parent=439"}],"curies":[{"name":"wp","href":"https:\/\/api.w.org\/{rel}","templated":true}]}}